{"id":90,"date":"2023-06-18T19:39:03","date_gmt":"2023-06-18T17:39:03","guid":{"rendered":"http:\/\/adacparis.fr\/?page_id=90"},"modified":"2023-10-05T18:07:27","modified_gmt":"2023-10-05T16:07:27","slug":"__trashed","status":"publish","type":"page","link":"https:\/\/adacparis.fr\/?page_id=90","title":{"rendered":"Nos stages"},"content":{"rendered":"\n<p>L&#8217;adac Paris organise des stages de self d\u00e9fense \u00e0 th\u00e8me pour compl\u00e9ter les cours hebdomadaires. Nous invitons pour ces occasions des intervenants pionniers dans l&#8217;art de la d\u00e9fense.<\/p>\n\n\n\n<h2 class=\"wp-block-heading\">Nos Prochains Stages<\/h2>\n\n\n\n<div class=\"wp-block-group\"><div class=\"wp-block-group__inner-container is-layout-constrained wp-block-group-is-layout-constrained\">\n<div class=\"wp-block-columns is-layout-flex wp-container-core-columns-is-layout-9d6595d7 wp-block-columns-is-layout-flex\">\n<div class=\"wp-block-column is-layout-flow wp-block-column-is-layout-flow\" style=\"flex-basis:100%\">\n<div class=\"wp-block-group\"><div class=\"wp-block-group__inner-container is-layout-constrained wp-block-group-is-layout-constrained\">\n<div class=\"wp-block-group\"><div class=\"wp-block-group__inner-container is-layout-constrained wp-block-group-is-layout-constrained\"><style>.kb-posts-id-90_9d114b-8d .entry.loop-entry .entry-header .entry-title{font-size:var(--global-kb-font-size-md, 1.25rem);}.kb-posts-id-90_9d114b-8d .kb-post-list-item{display:grid;}<\/style><ul class=\"wp-block-kadence-posts kb-posts kadence-posts-list kb-posts-id-90_9d114b-8d content-wrap grid-cols kb-posts-style-boxed grid-sm-col-2 grid-lg-col-3 item-image-style-above\"><li class=\"kb-post-list-item\">\n\t<article class=\"entry content-bg loop-entry post-354 post type-post status-publish format-standard hentry category-la-vie-du-club category-stages-a-venir\">\n\t\t\t\t<div class=\"entry-content-wrap\">\n\t\t\t<header class=\"entry-header\">\n\t\t<div class=\"entry-taxonomies\">\n\t\t<span class=\"category-links term-links category-style-normal\">\n\t\t\t<a href=\"https:\/\/adacparis.fr\/?cat=7\" class=\"category-link-la-vie-du-club\" rel=\"tag\">Actualit\u00e9<\/a> | <a href=\"https:\/\/adacparis.fr\/?cat=8\" class=\"category-link-stages-a-venir\" rel=\"tag\">Stages \u00e0 venir<\/a>\t\t<\/span>\n\t<\/div><!-- .entry-taxonomies -->\n\t<h2 class=\"entry-title\"><a href=\"https:\/\/adacparis.fr\/?p=354\" rel=\"bookmark\">Se d\u00e9fendre face \u00e0 plusieurs adversaires<\/a><\/h2>\t<div class=\"entry-meta entry-meta-divider-dot\">\n\t<span class=\"posted-by\"><span class=\"meta-label\">By<\/span><span class=\"author vcard\"><span class=\"fn n\">D\u00e9a<\/span><\/span><\/span>\t\t\t<span class=\"posted-on\">\n\t\t\t\t<time class=\"entry-date published\" datetime=\"2025-05-04T20:55:40+02:00\">4 May 2025<\/time><time class=\"updated\" datetime=\"2025-09-20T13:55:55+02:00\">20 September 2025<\/time>\t\t\t<\/span>\n\t\t\t\t<\/div><!-- .entry-meta -->\n\t<\/header><!-- .entry-header -->\n\t<div class=\"entry-summary\">\n\t\t<p>Rejoignez nous le dimanche 22 juin 2025 \u00e0 14h dans Paris 15 \u00e8me pour apprendre \u00e0 vous d\u00e9fendre face \u00e0 plusieurs agresseurs avec ERIC QUEQUET, formateur professionnel. Eric Quequet a \u00e9t\u00e9 policier, formateur de police et membre de la protection personnelle de Jacques Chirac. Il vient le 22 juin nous partager ses conseils et comp\u00e9tences&#8230;<\/p>\n\t<\/div><!-- .entry-summary -->\n\t<footer class=\"entry-footer\">\n\t\t\t<div class=\"entry-actions\">\n\t\t\t<p class=\"more-link-wrap\">\n\t\t\t\t<a href=\"https:\/\/adacparis.fr\/?p=354\" class=\"post-more-link\">\n\t\t\t\t\tRead More<span class=\"screen-reader-text\"> Se d\u00e9fendre face \u00e0 plusieurs adversaires<\/span><span class=\"kadence-svg-iconset svg-baseline\"><svg aria-hidden=\"true\" class=\"kadence-svg-icon kadence-arrow-right-alt-svg\" fill=\"currentColor\" version=\"1.1\" xmlns=\"http:\/\/www.w3.org\/2000\/svg\" width=\"27\" height=\"28\" viewBox=\"0 0 27 28\"><title>Continue<\/title><path d=\"M27 13.953c0 0.141-0.063 0.281-0.156 0.375l-6 5.531c-0.156 0.141-0.359 0.172-0.547 0.094-0.172-0.078-0.297-0.25-0.297-0.453v-3.5h-19.5c-0.281 0-0.5-0.219-0.5-0.5v-3c0-0.281 0.219-0.5 0.5-0.5h19.5v-3.5c0-0.203 0.109-0.375 0.297-0.453s0.391-0.047 0.547 0.078l6 5.469c0.094 0.094 0.156 0.219 0.156 0.359v0z\"><\/path>\n\t\t\t<\/svg><\/span>\t\t\t\t<\/a>\n\t\t\t<\/p>\n\t\t<\/div><!-- .entry-actions -->\n\t\t<\/footer><!-- .entry-footer -->\t\t<\/div>\n\t<\/article>\n<\/li>\n<\/ul><\/div><\/div>\n<\/div><\/div>\n<\/div>\n<\/div>\n<\/div><\/div>\n\n\n\n<div class=\"wp-block-columns is-layout-flex wp-container-core-columns-is-layout-9d6595d7 wp-block-columns-is-layout-flex\">\n<div class=\"wp-block-column is-layout-flow wp-block-column-is-layout-flow\" style=\"flex-basis:100%\"><style>.kb-row-layout-id90_0bdf27-9a > .kt-row-column-wrap{align-content:start;}:where(.kb-row-layout-id90_0bdf27-9a > .kt-row-column-wrap) > .wp-block-kadence-column{justify-content:start;}.kb-row-layout-id90_0bdf27-9a > .kt-row-column-wrap{column-gap:var(--global-kb-gap-md, 2rem);row-gap:var(--global-kb-gap-md, 2rem);padding-top:var(--global-kb-spacing-sm, 1.5rem);padding-bottom:var(--global-kb-spacing-sm, 1.5rem);grid-template-columns:minmax(0, 2fr) minmax(0, 1fr);}.kb-row-layout-id90_0bdf27-9a > .kt-row-layout-overlay{opacity:0.30;}@media all and (max-width: 1024px){.kb-row-layout-id90_0bdf27-9a > .kt-row-column-wrap{grid-template-columns:minmax(0, 2fr) minmax(0, 1fr);}}@media all and (max-width: 767px){.kb-row-layout-id90_0bdf27-9a > .kt-row-column-wrap{grid-template-columns:minmax(0, 1fr);}}<\/style><div class=\"kb-row-layout-wrap kb-row-layout-id90_0bdf27-9a alignnone wp-block-kadence-rowlayout\"><div class=\"kt-row-column-wrap kt-has-2-columns kt-row-layout-left-golden kt-tab-layout-inherit kt-mobile-layout-row kt-row-valign-top\">\n<style>.kadence-column90_2fade2-9a > .kt-inside-inner-col,.kadence-column90_2fade2-9a > .kt-inside-inner-col:before{border-top-left-radius:0px;border-top-right-radius:0px;border-bottom-right-radius:0px;border-bottom-left-radius:0px;}.kadence-column90_2fade2-9a > .kt-inside-inner-col{column-gap:var(--global-kb-gap-sm, 1rem);}.kadence-column90_2fade2-9a > .kt-inside-inner-col{flex-direction:column;}.kadence-column90_2fade2-9a > .kt-inside-inner-col > .aligncenter{width:100%;}.kadence-column90_2fade2-9a > .kt-inside-inner-col:before{opacity:0.3;}.kadence-column90_2fade2-9a{position:relative;}@media all and (max-width: 1024px){.kadence-column90_2fade2-9a > .kt-inside-inner-col{flex-direction:column;justify-content:center;}}@media all and (max-width: 767px){.kadence-column90_2fade2-9a > .kt-inside-inner-col{flex-direction:column;justify-content:center;}}<\/style>\n<div class=\"wp-block-kadence-column kadence-column90_2fade2-9a\"><div class=\"kt-inside-inner-col\">\n<p>Suivez nous sur les r\u00e9seaux pour \u00eatre inform\u00e9s des prochains stages!<\/p>\n<\/div><\/div>\n\n\n<style>.kadence-column90_ae7746-23 > .kt-inside-inner-col,.kadence-column90_ae7746-23 > .kt-inside-inner-col:before{border-top-left-radius:0px;border-top-right-radius:0px;border-bottom-right-radius:0px;border-bottom-left-radius:0px;}.kadence-column90_ae7746-23 > .kt-inside-inner-col{column-gap:var(--global-kb-gap-sm, 1rem);}.kadence-column90_ae7746-23 > .kt-inside-inner-col{flex-direction:column;}.kadence-column90_ae7746-23 > .kt-inside-inner-col > .aligncenter{width:100%;}.kadence-column90_ae7746-23 > .kt-inside-inner-col:before{opacity:0.3;}.kadence-column90_ae7746-23{position:relative;}@media all and (max-width: 1024px){.kadence-column90_ae7746-23 > .kt-inside-inner-col{flex-direction:column;justify-content:center;}}@media all and (max-width: 767px){.kadence-column90_ae7746-23 > .kt-inside-inner-col{flex-direction:column;justify-content:center;}}<\/style>\n<div class=\"wp-block-kadence-column kadence-column90_ae7746-23\"><div class=\"kt-inside-inner-col\">\n<ul class=\"wp-block-social-links is-layout-flex wp-block-social-links-is-layout-flex\"><li class=\"wp-social-link wp-social-link-facebook  wp-block-social-link\"><a href=\"https:\/\/www.facebook.com\/ADACParisselfdefense\/\" class=\"wp-block-social-link-anchor\"><svg width=\"24\" height=\"24\" viewBox=\"0 0 24 24\" version=\"1.1\" xmlns=\"http:\/\/www.w3.org\/2000\/svg\" aria-hidden=\"true\" focusable=\"false\"><path d=\"M12 2C6.5 2 2 6.5 2 12c0 5 3.7 9.1 8.4 9.9v-7H7.9V12h2.5V9.8c0-2.5 1.5-3.9 3.8-3.9 1.1 0 2.2.2 2.2.2v2.5h-1.3c-1.2 0-1.6.8-1.6 1.6V12h2.8l-.4 2.9h-2.3v7C18.3 21.1 22 17 22 12c0-5.5-4.5-10-10-10z\"><\/path><\/svg><span class=\"wp-block-social-link-label screen-reader-text\">Facebook<\/span><\/a><\/li>\n\n<li class=\"wp-social-link wp-social-link-instagram  wp-block-social-link\"><a href=\"https:\/\/www.instagram.com\/adac_paris_self_defense\/?hl=fr\" class=\"wp-block-social-link-anchor\"><svg width=\"24\" height=\"24\" viewBox=\"0 0 24 24\" version=\"1.1\" xmlns=\"http:\/\/www.w3.org\/2000\/svg\" aria-hidden=\"true\" focusable=\"false\"><path d=\"M12,4.622c2.403,0,2.688,0.009,3.637,0.052c0.877,0.04,1.354,0.187,1.671,0.31c0.42,0.163,0.72,0.358,1.035,0.673 c0.315,0.315,0.51,0.615,0.673,1.035c0.123,0.317,0.27,0.794,0.31,1.671c0.043,0.949,0.052,1.234,0.052,3.637 s-0.009,2.688-0.052,3.637c-0.04,0.877-0.187,1.354-0.31,1.671c-0.163,0.42-0.358,0.72-0.673,1.035 c-0.315,0.315-0.615,0.51-1.035,0.673c-0.317,0.123-0.794,0.27-1.671,0.31c-0.949,0.043-1.233,0.052-3.637,0.052 s-2.688-0.009-3.637-0.052c-0.877-0.04-1.354-0.187-1.671-0.31c-0.42-0.163-0.72-0.358-1.035-0.673 c-0.315-0.315-0.51-0.615-0.673-1.035c-0.123-0.317-0.27-0.794-0.31-1.671C4.631,14.688,4.622,14.403,4.622,12 s0.009-2.688,0.052-3.637c0.04-0.877,0.187-1.354,0.31-1.671c0.163-0.42,0.358-0.72,0.673-1.035 c0.315-0.315,0.615-0.51,1.035-0.673c0.317-0.123,0.794-0.27,1.671-0.31C9.312,4.631,9.597,4.622,12,4.622 M12,3 C9.556,3,9.249,3.01,8.289,3.054C7.331,3.098,6.677,3.25,6.105,3.472C5.513,3.702,5.011,4.01,4.511,4.511 c-0.5,0.5-0.808,1.002-1.038,1.594C3.25,6.677,3.098,7.331,3.054,8.289C3.01,9.249,3,9.556,3,12c0,2.444,0.01,2.751,0.054,3.711 c0.044,0.958,0.196,1.612,0.418,2.185c0.23,0.592,0.538,1.094,1.038,1.594c0.5,0.5,1.002,0.808,1.594,1.038 c0.572,0.222,1.227,0.375,2.185,0.418C9.249,20.99,9.556,21,12,21s2.751-0.01,3.711-0.054c0.958-0.044,1.612-0.196,2.185-0.418 c0.592-0.23,1.094-0.538,1.594-1.038c0.5-0.5,0.808-1.002,1.038-1.594c0.222-0.572,0.375-1.227,0.418-2.185 C20.99,14.751,21,14.444,21,12s-0.01-2.751-0.054-3.711c-0.044-0.958-0.196-1.612-0.418-2.185c-0.23-0.592-0.538-1.094-1.038-1.594 c-0.5-0.5-1.002-0.808-1.594-1.038c-0.572-0.222-1.227-0.375-2.185-0.418C14.751,3.01,14.444,3,12,3L12,3z M12,7.378 c-2.552,0-4.622,2.069-4.622,4.622S9.448,16.622,12,16.622s4.622-2.069,4.622-4.622S14.552,7.378,12,7.378z M12,15 c-1.657,0-3-1.343-3-3s1.343-3,3-3s3,1.343,3,3S13.657,15,12,15z M16.804,6.116c-0.596,0-1.08,0.484-1.08,1.08 s0.484,1.08,1.08,1.08c0.596,0,1.08-0.484,1.08-1.08S17.401,6.116,16.804,6.116z\"><\/path><\/svg><span class=\"wp-block-social-link-label screen-reader-text\">Instagram<\/span><\/a><\/li><\/ul>\n<\/div><\/div>\n\n<\/div><\/div><\/div>\n<\/div>\n\n\n\n<h2 class=\"wp-block-heading\">Nos Pr\u00e9c\u00e9dents stages<\/h2>\n\n\n\n<div class=\"wp-block-group alignwide\"><div class=\"wp-block-group__inner-container is-layout-constrained wp-block-group-is-layout-constrained\">\n<div class=\"wp-block-columns alignwide is-layout-flex wp-container-core-columns-is-layout-9d6595d7 wp-block-columns-is-layout-flex\">\n<div class=\"wp-block-column is-layout-flow wp-block-column-is-layout-flow\" style=\"flex-basis:100%\"><style>.kb-posts-id-90_7e4c8e-0b .kb-post-list-item{display:grid;}<\/style><ul class=\"wp-block-kadence-posts kb-posts kadence-posts-list kb-posts-id-90_7e4c8e-0b content-wrap grid-cols kb-posts-style-boxed grid-sm-col-2 grid-lg-col-3 item-image-style-above\"><li class=\"kb-post-list-item\">\n\t<article class=\"entry content-bg loop-entry post-287 post type-post status-publish format-standard hentry category-stages-adac-paris-self-defense\">\n\t\t\t\t<div class=\"entry-content-wrap\">\n\t\t\t<header class=\"entry-header\">\n\t\t<div class=\"entry-taxonomies\">\n\t\t<span class=\"category-links term-links category-style-normal\">\n\t\t\t<a href=\"https:\/\/adacparis.fr\/?cat=6\" class=\"category-link-stages-adac-paris-self-defense\" rel=\"tag\">Nos Stages ADAC Paris<\/a>\t\t<\/span>\n\t<\/div><!-- .entry-taxonomies -->\n\t<h2 class=\"entry-title\"><a href=\"https:\/\/adacparis.fr\/?p=287\" rel=\"bookmark\">Se d\u00e9fendre accompagn\u00e9 d&#8217;un proche<\/a><\/h2>\t<div class=\"entry-meta entry-meta-divider-dot\">\n\t\t\t\t<span class=\"posted-on\">\n\t\t\t\t<time class=\"entry-date published\" datetime=\"2023-10-05T17:49:58+02:00\">5 October 2023<\/time><time class=\"updated\" datetime=\"2024-08-26T14:47:05+02:00\">26 August 2024<\/time>\t\t\t<\/span>\n\t\t\t\t<\/div><!-- .entry-meta -->\n\t<\/header><!-- .entry-header -->\n\t<div class=\"entry-summary\">\n\t\t<p>L&#8217;ADAC Paris \u00e0 organis\u00e9 le 19 novembre 2023 un stage de boxe de rue dont le th\u00e8me est &#8220;Se d\u00e9fendre accompagn\u00e9 d&#8217;un proche&#8221; et qui a \u00e9t\u00e9 anim\u00e9 par Eric Quequet. Merci aux nombreux participants qui sont venus apprendre aupr\u00e8s d&#8217;Eric. Ce fut un stage enrichissant, sur une th\u00e9matique peu abord\u00e9e! Eric Quequet est le&#8230;<\/p>\n\t<\/div><!-- .entry-summary -->\n\t<footer class=\"entry-footer\">\n\t\t\t<div class=\"entry-actions\">\n\t\t\t<p class=\"more-link-wrap\">\n\t\t\t\t<a href=\"https:\/\/adacparis.fr\/?p=287\" class=\"post-more-link\">\n\t\t\t\t\tRead More<span class=\"screen-reader-text\"> Se d\u00e9fendre accompagn\u00e9 d&#8217;un proche<\/span><span class=\"kadence-svg-iconset svg-baseline\"><svg aria-hidden=\"true\" class=\"kadence-svg-icon kadence-arrow-right-alt-svg\" fill=\"currentColor\" version=\"1.1\" xmlns=\"http:\/\/www.w3.org\/2000\/svg\" width=\"27\" height=\"28\" viewBox=\"0 0 27 28\"><title>Continue<\/title><path d=\"M27 13.953c0 0.141-0.063 0.281-0.156 0.375l-6 5.531c-0.156 0.141-0.359 0.172-0.547 0.094-0.172-0.078-0.297-0.25-0.297-0.453v-3.5h-19.5c-0.281 0-0.5-0.219-0.5-0.5v-3c0-0.281 0.219-0.5 0.5-0.5h19.5v-3.5c0-0.203 0.109-0.375 0.297-0.453s0.391-0.047 0.547 0.078l6 5.469c0.094 0.094 0.156 0.219 0.156 0.359v0z\"><\/path>\n\t\t\t<\/svg><\/span>\t\t\t\t<\/a>\n\t\t\t<\/p>\n\t\t<\/div><!-- .entry-actions -->\n\t\t<\/footer><!-- .entry-footer -->\t\t<\/div>\n\t<\/article>\n<\/li>\n<li class=\"kb-post-list-item\">\n\t<article class=\"entry content-bg loop-entry post-158 post type-post status-publish format-standard hentry category-stages-adac-paris-self-defense\">\n\t\t\t\t<div class=\"entry-content-wrap\">\n\t\t\t<header class=\"entry-header\">\n\t\t<div class=\"entry-taxonomies\">\n\t\t<span class=\"category-links term-links category-style-normal\">\n\t\t\t<a href=\"https:\/\/adacparis.fr\/?cat=6\" class=\"category-link-stages-adac-paris-self-defense\" rel=\"tag\">Nos Stages ADAC Paris<\/a>\t\t<\/span>\n\t<\/div><!-- .entry-taxonomies -->\n\t<h2 class=\"entry-title\"><a href=\"https:\/\/adacparis.fr\/?p=158\" rel=\"bookmark\">Se d\u00e9fendre face au couteau<\/a><\/h2>\t<div class=\"entry-meta entry-meta-divider-dot\">\n\t\t\t\t<span class=\"posted-on\">\n\t\t\t\t<time class=\"entry-date published\" datetime=\"2023-06-22T16:03:38+02:00\">22 June 2023<\/time><time class=\"updated\" datetime=\"2024-08-26T14:46:11+02:00\">26 August 2024<\/time>\t\t\t<\/span>\n\t\t\t\t<\/div><!-- .entry-meta -->\n\t<\/header><!-- .entry-header -->\n\t<div class=\"entry-summary\">\n\t\t<p>Stage ADAC Paris : Se d\u00e9fendre face au couteau, anim\u00e9 par Robert Paturel Le stage se d\u00e9fendre face au couteau a \u00e9t\u00e9 propos\u00e9 par Robert Paturel le dimanche 12 fevrier 2023 au gymnase de La Plaine. Ce fut un plaisir d&#8217;accueillir les nombreux participants souhaitant b\u00e9n\u00e9ficier de l&#8217;enseignement de Robert Paturel, triple champion d&#8217;Europe de&#8230;<\/p>\n\t<\/div><!-- .entry-summary -->\n\t<footer class=\"entry-footer\">\n\t\t\t<div class=\"entry-actions\">\n\t\t\t<p class=\"more-link-wrap\">\n\t\t\t\t<a href=\"https:\/\/adacparis.fr\/?p=158\" class=\"post-more-link\">\n\t\t\t\t\tRead More<span class=\"screen-reader-text\"> Se d\u00e9fendre face au couteau<\/span><span class=\"kadence-svg-iconset svg-baseline\"><svg aria-hidden=\"true\" class=\"kadence-svg-icon kadence-arrow-right-alt-svg\" fill=\"currentColor\" version=\"1.1\" xmlns=\"http:\/\/www.w3.org\/2000\/svg\" width=\"27\" height=\"28\" viewBox=\"0 0 27 28\"><title>Continue<\/title><path d=\"M27 13.953c0 0.141-0.063 0.281-0.156 0.375l-6 5.531c-0.156 0.141-0.359 0.172-0.547 0.094-0.172-0.078-0.297-0.25-0.297-0.453v-3.5h-19.5c-0.281 0-0.5-0.219-0.5-0.5v-3c0-0.281 0.219-0.5 0.5-0.5h19.5v-3.5c0-0.203 0.109-0.375 0.297-0.453s0.391-0.047 0.547 0.078l6 5.469c0.094 0.094 0.156 0.219 0.156 0.359v0z\"><\/path>\n\t\t\t<\/svg><\/span>\t\t\t\t<\/a>\n\t\t\t<\/p>\n\t\t<\/div><!-- .entry-actions -->\n\t\t<\/footer><!-- .entry-footer -->\t\t<\/div>\n\t<\/article>\n<\/li>\n<li class=\"kb-post-list-item\">\n\t<article class=\"entry content-bg loop-entry post-150 post type-post status-publish format-standard hentry category-stages-adac-paris-self-defense\">\n\t\t\t\t<div class=\"entry-content-wrap\">\n\t\t\t<header class=\"entry-header\">\n\t\t<div class=\"entry-taxonomies\">\n\t\t<span class=\"category-links term-links category-style-normal\">\n\t\t\t<a href=\"https:\/\/adacparis.fr\/?cat=6\" class=\"category-link-stages-adac-paris-self-defense\" rel=\"tag\">Nos Stages ADAC Paris<\/a>\t\t<\/span>\n\t<\/div><!-- .entry-taxonomies -->\n\t<h2 class=\"entry-title\"><a href=\"https:\/\/adacparis.fr\/?p=150\" rel=\"bookmark\">Se d\u00e9fendre avec les armes de rue<\/a><\/h2>\t<div class=\"entry-meta entry-meta-divider-dot\">\n\t\t\t\t<span class=\"posted-on\">\n\t\t\t\t<time class=\"entry-date published\" datetime=\"2023-06-22T15:59:19+02:00\">22 June 2023<\/time><time class=\"updated\" datetime=\"2024-08-26T14:46:56+02:00\">26 August 2024<\/time>\t\t\t<\/span>\n\t\t\t\t<\/div><!-- .entry-meta -->\n\t<\/header><!-- .entry-header -->\n\t<div class=\"entry-summary\">\n\t\t<p>Stage ADAC Paris : Se d\u00e9fendre avec les armes de rue, anim\u00e9 par Eric Quequet Le stage se d\u00e9fendre avec les armes de rue a \u00e9t\u00e9 pr\u00e9sent\u00e9 par Eric Quequet au gymnase des Cevennes le 27 novembre 2022. Merci aux nombreux participants qui sont venus gagner en pratique et adaptabilit\u00e9 au quotidien !<\/p>\n\t<\/div><!-- .entry-summary -->\n\t<footer class=\"entry-footer\">\n\t\t\t<div class=\"entry-actions\">\n\t\t\t<p class=\"more-link-wrap\">\n\t\t\t\t<a href=\"https:\/\/adacparis.fr\/?p=150\" class=\"post-more-link\">\n\t\t\t\t\tRead More<span class=\"screen-reader-text\"> Se d\u00e9fendre avec les armes de rue<\/span><span class=\"kadence-svg-iconset svg-baseline\"><svg aria-hidden=\"true\" class=\"kadence-svg-icon kadence-arrow-right-alt-svg\" fill=\"currentColor\" version=\"1.1\" xmlns=\"http:\/\/www.w3.org\/2000\/svg\" width=\"27\" height=\"28\" viewBox=\"0 0 27 28\"><title>Continue<\/title><path d=\"M27 13.953c0 0.141-0.063 0.281-0.156 0.375l-6 5.531c-0.156 0.141-0.359 0.172-0.547 0.094-0.172-0.078-0.297-0.25-0.297-0.453v-3.5h-19.5c-0.281 0-0.5-0.219-0.5-0.5v-3c0-0.281 0.219-0.5 0.5-0.5h19.5v-3.5c0-0.203 0.109-0.375 0.297-0.453s0.391-0.047 0.547 0.078l6 5.469c0.094 0.094 0.156 0.219 0.156 0.359v0z\"><\/path>\n\t\t\t<\/svg><\/span>\t\t\t\t<\/a>\n\t\t\t<\/p>\n\t\t<\/div><!-- .entry-actions -->\n\t\t<\/footer><!-- .entry-footer -->\t\t<\/div>\n\t<\/article>\n<\/li>\n<\/ul><\/div>\n<\/div>\n<\/div><\/div>\n","protected":false},"excerpt":{"rendered":"<p>L&#8217;adac Paris organise des stages de self d\u00e9fense \u00e0 th\u00e8me pour compl\u00e9ter les cours hebdomadaires. Nous invitons pour ces occasions des intervenants pionniers dans l&#8217;art de la d\u00e9fense. Nos Prochains Stages Suivez nous sur les r\u00e9seaux pour \u00eatre inform\u00e9s des prochains stages! Nos Pr\u00e9c\u00e9dents stages<\/p>\n","protected":false},"author":1,"featured_media":0,"parent":0,"menu_order":0,"comment_status":"closed","ping_status":"closed","template":"","meta":{"_kad_post_transparent":"default","_kad_post_title":"hide","_kad_post_layout":"","_kad_post_sidebar_id":"","_kad_post_content_style":"","_kad_post_vertical_padding":"","_kad_post_feature":"","_kad_post_feature_position":"","_kad_post_header":false,"_kad_post_footer":false,"footnotes":""},"class_list":["post-90","page","type-page","status-publish","hentry"],"_links":{"self":[{"href":"https:\/\/adacparis.fr\/index.php?rest_route=\/wp\/v2\/pages\/90","targetHints":{"allow":["GET"]}}],"collection":[{"href":"https:\/\/adacparis.fr\/index.php?rest_route=\/wp\/v2\/pages"}],"about":[{"href":"https:\/\/adacparis.fr\/index.php?rest_route=\/wp\/v2\/types\/page"}],"author":[{"embeddable":true,"href":"https:\/\/adacparis.fr\/index.php?rest_route=\/wp\/v2\/users\/1"}],"replies":[{"embeddable":true,"href":"https:\/\/adacparis.fr\/index.php?rest_route=%2Fwp%2Fv2%2Fcomments&post=90"}],"version-history":[{"count":14,"href":"https:\/\/adacparis.fr\/index.php?rest_route=\/wp\/v2\/pages\/90\/revisions"}],"predecessor-version":[{"id":295,"href":"https:\/\/adacparis.fr\/index.php?rest_route=\/wp\/v2\/pages\/90\/revisions\/295"}],"wp:attachment":[{"href":"https:\/\/adacparis.fr\/index.php?rest_route=%2Fwp%2Fv2%2Fmedia&parent=90"}],"curies":[{"name":"wp","href":"https:\/\/api.w.org\/{rel}","templated":true}]}}