{"id":88,"date":"2023-06-18T20:06:22","date_gmt":"2023-06-18T18:06:22","guid":{"rendered":"http:\/\/adacparis.fr\/?page_id=88"},"modified":"2025-08-18T18:16:48","modified_gmt":"2025-08-18T16:16:48","slug":"__trashed-5","status":"publish","type":"page","link":"https:\/\/adacparis.fr\/?page_id=88","title":{"rendered":"Nos cours"},"content":{"rendered":"<style>.kb-row-layout-id88_26bfa3-df > .kt-row-column-wrap{align-content:start;}:where(.kb-row-layout-id88_26bfa3-df > .kt-row-column-wrap) > .wp-block-kadence-column{justify-content:start;}.kb-row-layout-id88_26bfa3-df > .kt-row-column-wrap{column-gap:var(--global-kb-gap-md, 2rem);row-gap:var(--global-kb-gap-md, 2rem);padding-top:var(--global-kb-spacing-sm, 1.5rem);padding-bottom:var(--global-kb-spacing-sm, 1.5rem);grid-template-columns:minmax(0, 2fr) minmax(0, 1fr);}.kb-row-layout-id88_26bfa3-df > .kt-row-layout-overlay{opacity:0.30;}@media all and (max-width: 1024px){.kb-row-layout-id88_26bfa3-df > .kt-row-column-wrap{grid-template-columns:minmax(0, 2fr) minmax(0, 1fr);}}@media all and (max-width: 767px){.kb-row-layout-id88_26bfa3-df > .kt-row-column-wrap{grid-template-columns:minmax(0, 1fr);}}<\/style><div class=\"kb-row-layout-wrap kb-row-layout-id88_26bfa3-df alignnone wp-block-kadence-rowlayout\"><div class=\"kt-row-column-wrap kt-has-2-columns kt-row-layout-left-golden kt-tab-layout-inherit kt-mobile-layout-row kt-row-valign-top\">\n<style>.kadence-column88_53e7c8-0e > .kt-inside-inner-col,.kadence-column88_53e7c8-0e > .kt-inside-inner-col:before{border-top-left-radius:0px;border-top-right-radius:0px;border-bottom-right-radius:0px;border-bottom-left-radius:0px;}.kadence-column88_53e7c8-0e > .kt-inside-inner-col{column-gap:var(--global-kb-gap-sm, 1rem);}.kadence-column88_53e7c8-0e > .kt-inside-inner-col{flex-direction:column;}.kadence-column88_53e7c8-0e > .kt-inside-inner-col > .aligncenter{width:100%;}.kadence-column88_53e7c8-0e > .kt-inside-inner-col:before{opacity:0.3;}.kadence-column88_53e7c8-0e{position:relative;}@media all and (max-width: 1024px){.kadence-column88_53e7c8-0e > .kt-inside-inner-col{flex-direction:column;justify-content:center;}}@media all and (max-width: 767px){.kadence-column88_53e7c8-0e > .kt-inside-inner-col{flex-direction:column;justify-content:center;}}<\/style>\n<div class=\"wp-block-kadence-column kadence-column88_53e7c8-0e\"><div class=\"kt-inside-inner-col\">\n<h2 class=\"wp-block-heading alignwide\">Les cours de self d\u00e9fense mixtes<\/h2>\n\n\n\n<p>L&#8217;ADAC Paris, situ\u00e9 dans le 15 \u00e8me arrondissement de Paris, propose des cours de self d\u00e9fense le <strong>mercredi soir de 20h \u00e0 22h et le samedi matin de 10h30 \u00e0 12h30<\/strong>. Les cours de self d\u00e9fense consistent en la transmission de principes de s\u00e9curit\u00e9, l&#8217;apprentissage de techniques physiques pour se prot\u00e9ger et d&#8217;exercices de mises en situation ludiques.<\/p>\n\n\n\n<p>Les cours de self d\u00e9fense sont donn\u00e9s par Manuel Hernandez ainsi que d&#8217;autres intervenants form\u00e9s aux arts de combats afin de proposer une approche globale qui inclue la d\u00e9fense \u00e0 distance de pied poing, au corps \u00e0 corps et au sol pour progresser tout au long de l&#8217;ann\u00e9e et \u00eatre au plus proche des situations r\u00e9elles.<\/p>\n<\/div><\/div>\n\n\n<style>.kadence-column88_228477-0f > .kt-inside-inner-col,.kadence-column88_228477-0f > .kt-inside-inner-col:before{border-top-left-radius:0px;border-top-right-radius:0px;border-bottom-right-radius:0px;border-bottom-left-radius:0px;}.kadence-column88_228477-0f > .kt-inside-inner-col{column-gap:var(--global-kb-gap-sm, 1rem);}.kadence-column88_228477-0f > .kt-inside-inner-col{flex-direction:column;}.kadence-column88_228477-0f > .kt-inside-inner-col > .aligncenter{width:100%;}.kadence-column88_228477-0f > .kt-inside-inner-col:before{opacity:0.3;}.kadence-column88_228477-0f{position:relative;}@media all and (max-width: 1024px){.kadence-column88_228477-0f > .kt-inside-inner-col{flex-direction:column;justify-content:center;}}@media all and (max-width: 767px){.kadence-column88_228477-0f > .kt-inside-inner-col{flex-direction:column;justify-content:center;}}<\/style>\n<div class=\"wp-block-kadence-column kadence-column88_228477-0f\"><div class=\"kt-inside-inner-col\">\n<figure class=\"wp-block-image size-large is-resized\"><img loading=\"lazy\" decoding=\"async\" width=\"819\" height=\"1024\" src=\"https:\/\/adacparis.fr\/wp-content\/uploads\/2023\/06\/pro-Mkfs58LO-819x1024.jpeg\" alt=\"\" class=\"wp-image-118\" style=\"width:323px;height:403px\" srcset=\"https:\/\/adacparis.fr\/wp-content\/uploads\/2023\/06\/pro-Mkfs58LO-819x1024.jpeg 819w, https:\/\/adacparis.fr\/wp-content\/uploads\/2023\/06\/pro-Mkfs58LO-240x300.jpeg 240w, https:\/\/adacparis.fr\/wp-content\/uploads\/2023\/06\/pro-Mkfs58LO-768x960.jpeg 768w, https:\/\/adacparis.fr\/wp-content\/uploads\/2023\/06\/pro-Mkfs58LO.jpeg 1080w\" sizes=\"auto, (max-width: 819px) 100vw, 819px\" \/><\/figure>\n<\/div><\/div>\n\n<\/div><\/div>\n\n<style>.kb-row-layout-id88_9b77d3-12 > .kt-row-column-wrap{align-content:start;}:where(.kb-row-layout-id88_9b77d3-12 > .kt-row-column-wrap) > .wp-block-kadence-column{justify-content:start;}.kb-row-layout-id88_9b77d3-12 > .kt-row-column-wrap{column-gap:var(--global-kb-gap-md, 2rem);row-gap:var(--global-kb-gap-md, 2rem);padding-top:var(--global-kb-spacing-sm, 1.5rem);padding-bottom:var(--global-kb-spacing-sm, 1.5rem);grid-template-columns:minmax(0, 2fr) minmax(0, 1fr);}.kb-row-layout-id88_9b77d3-12 > .kt-row-layout-overlay{opacity:0.30;}@media all and (max-width: 1024px){.kb-row-layout-id88_9b77d3-12 > .kt-row-column-wrap{grid-template-columns:minmax(0, 2fr) minmax(0, 1fr);}}@media all and (max-width: 767px){.kb-row-layout-id88_9b77d3-12 > .kt-row-column-wrap{grid-template-columns:minmax(0, 1fr);}}<\/style><div class=\"kb-row-layout-wrap kb-row-layout-id88_9b77d3-12 alignnone wp-block-kadence-rowlayout\"><div class=\"kt-row-column-wrap kt-has-2-columns kt-row-layout-left-golden kt-tab-layout-inherit kt-mobile-layout-row kt-row-valign-top\">\n<style>.kadence-column88_127f4c-17 > .kt-inside-inner-col,.kadence-column88_127f4c-17 > .kt-inside-inner-col:before{border-top-left-radius:0px;border-top-right-radius:0px;border-bottom-right-radius:0px;border-bottom-left-radius:0px;}.kadence-column88_127f4c-17 > .kt-inside-inner-col{column-gap:var(--global-kb-gap-sm, 1rem);}.kadence-column88_127f4c-17 > .kt-inside-inner-col{flex-direction:column;}.kadence-column88_127f4c-17 > .kt-inside-inner-col > .aligncenter{width:100%;}.kadence-column88_127f4c-17 > .kt-inside-inner-col:before{opacity:0.3;}.kadence-column88_127f4c-17{position:relative;}@media all and (max-width: 1024px){.kadence-column88_127f4c-17 > .kt-inside-inner-col{flex-direction:column;justify-content:center;}}@media all and (max-width: 767px){.kadence-column88_127f4c-17 > .kt-inside-inner-col{flex-direction:column;justify-content:center;}}<\/style>\n<div class=\"wp-block-kadence-column kadence-column88_127f4c-17\"><div class=\"kt-inside-inner-col\">\n<h2 class=\"wp-block-heading\">Les cours Amazon Training<\/h2>\n\n\n\n<p>Les cours d&#8217;Amazon Training ont \u00e9t\u00e9 donn\u00e9s pendant plus de 15 ans \u00e0 l&#8217;Adac Paris. L&#8217;Amazon Training est un cours de self d\u00e9fense exclusivement f\u00e9minin qui a \u00e9t\u00e9 con\u00e7u pour s\u00e9lectionner les techniques les plus efficaces et faciles \u00e0 maitriser, les combiner \u00e0 un entrainement physique ainsi qu&#8217;\u00e0 une bonne appr\u00e9ciation des situations \u00e0 risques les plus courantes ; ce pour \u00eatre efficace sur le terrain le plus rapidement possible.<br><br>Ce cours permet de gagner en anticipation, en force et en comp\u00e9tences techniques.<br><br>Le cours d&#8217;Amazon Training est actuellement suspendu mais n&#8217;h\u00e9sitez pas \u00e0 nous suivre sur les r\u00e9seaux pour \u00eatre inform\u00e9 lors de sa reprise.<\/p>\n<\/div><\/div>\n\n\n<style>.kadence-column88_e44bb1-f5 > .kt-inside-inner-col,.kadence-column88_e44bb1-f5 > .kt-inside-inner-col:before{border-top-left-radius:0px;border-top-right-radius:0px;border-bottom-right-radius:0px;border-bottom-left-radius:0px;}.kadence-column88_e44bb1-f5 > .kt-inside-inner-col{column-gap:var(--global-kb-gap-sm, 1rem);}.kadence-column88_e44bb1-f5 > .kt-inside-inner-col{flex-direction:column;}.kadence-column88_e44bb1-f5 > .kt-inside-inner-col > .aligncenter{width:100%;}.kadence-column88_e44bb1-f5 > .kt-inside-inner-col:before{opacity:0.3;}.kadence-column88_e44bb1-f5{position:relative;}@media all and (max-width: 1024px){.kadence-column88_e44bb1-f5 > .kt-inside-inner-col{flex-direction:column;justify-content:center;}}@media all and (max-width: 767px){.kadence-column88_e44bb1-f5 > .kt-inside-inner-col{flex-direction:column;justify-content:center;}}<\/style>\n<div class=\"wp-block-kadence-column kadence-column88_e44bb1-f5\"><div class=\"kt-inside-inner-col\">\n<figure class=\"wp-block-image size-full is-resized\"><img loading=\"lazy\" decoding=\"async\" width=\"900\" height=\"600\" src=\"https:\/\/adacparis.fr\/wp-content\/uploads\/2023\/06\/20160106-at5.jpg\" alt=\"\" class=\"wp-image-85\" style=\"width:undefinedpx;height:300px\" srcset=\"https:\/\/adacparis.fr\/wp-content\/uploads\/2023\/06\/20160106-at5.jpg 900w, https:\/\/adacparis.fr\/wp-content\/uploads\/2023\/06\/20160106-at5-300x200.jpg 300w, https:\/\/adacparis.fr\/wp-content\/uploads\/2023\/06\/20160106-at5-768x512.jpg 768w, https:\/\/adacparis.fr\/wp-content\/uploads\/2023\/06\/20160106-at5-360x240.jpg 360w\" sizes=\"auto, (max-width: 900px) 100vw, 900px\" \/><\/figure>\n<\/div><\/div>\n\n<\/div><\/div>\n\n<style>.kb-row-layout-id88_9bce91-27 > .kt-row-column-wrap{align-content:start;}:where(.kb-row-layout-id88_9bce91-27 > .kt-row-column-wrap) > .wp-block-kadence-column{justify-content:start;}.kb-row-layout-id88_9bce91-27 > .kt-row-column-wrap{column-gap:var(--global-kb-gap-md, 2rem);row-gap:var(--global-kb-gap-md, 2rem);padding-top:var(--global-kb-spacing-sm, 1.5rem);padding-bottom:var(--global-kb-spacing-sm, 1.5rem);grid-template-columns:minmax(0, 2fr) minmax(0, 1fr);}.kb-row-layout-id88_9bce91-27 > .kt-row-layout-overlay{opacity:0.30;}@media all and (max-width: 1024px){.kb-row-layout-id88_9bce91-27 > .kt-row-column-wrap{grid-template-columns:minmax(0, 2fr) minmax(0, 1fr);}}@media all and (max-width: 767px){.kb-row-layout-id88_9bce91-27 > .kt-row-column-wrap{grid-template-columns:minmax(0, 1fr);}}<\/style><div class=\"kb-row-layout-wrap kb-row-layout-id88_9bce91-27 alignnone wp-block-kadence-rowlayout\"><div class=\"kt-row-column-wrap kt-has-2-columns kt-row-layout-left-golden kt-tab-layout-inherit kt-mobile-layout-row kt-row-valign-top\">\n<style>.kadence-column88_47fe3c-ae > .kt-inside-inner-col,.kadence-column88_47fe3c-ae > .kt-inside-inner-col:before{border-top-left-radius:0px;border-top-right-radius:0px;border-bottom-right-radius:0px;border-bottom-left-radius:0px;}.kadence-column88_47fe3c-ae > .kt-inside-inner-col{column-gap:var(--global-kb-gap-sm, 1rem);}.kadence-column88_47fe3c-ae > .kt-inside-inner-col{flex-direction:column;}.kadence-column88_47fe3c-ae > .kt-inside-inner-col > .aligncenter{width:100%;}.kadence-column88_47fe3c-ae > .kt-inside-inner-col:before{opacity:0.3;}.kadence-column88_47fe3c-ae{position:relative;}@media all and (max-width: 1024px){.kadence-column88_47fe3c-ae > .kt-inside-inner-col{flex-direction:column;justify-content:center;}}@media all and (max-width: 767px){.kadence-column88_47fe3c-ae > .kt-inside-inner-col{flex-direction:column;justify-content:center;}}<\/style>\n<div class=\"wp-block-kadence-column kadence-column88_47fe3c-ae\"><div class=\"kt-inside-inner-col\">\n<h2 class=\"wp-block-heading\">Interventions de souplesse et renforcement<\/h2>\n\n\n\n<p>Les sports de combats soumettent le corps \u00e0 des postures ferm\u00e9es et \u00e0 de fortes contraintes. Ainsi l&#8217;Adac fait intervenir un professionnel une fois par mois le samedi matin pour entretenir la souplesse et le tonus du corps pour continuer \u00e0 progresser \u00e0 nos cot\u00e9s dans de bonnes conditions.<\/p>\n<\/div><\/div>\n\n\n<style>.kadence-column88_eb3246-fb > .kt-inside-inner-col,.kadence-column88_eb3246-fb > .kt-inside-inner-col:before{border-top-left-radius:0px;border-top-right-radius:0px;border-bottom-right-radius:0px;border-bottom-left-radius:0px;}.kadence-column88_eb3246-fb > .kt-inside-inner-col{column-gap:var(--global-kb-gap-sm, 1rem);}.kadence-column88_eb3246-fb > .kt-inside-inner-col{flex-direction:column;}.kadence-column88_eb3246-fb > .kt-inside-inner-col > .aligncenter{width:100%;}.kadence-column88_eb3246-fb > .kt-inside-inner-col:before{opacity:0.3;}.kadence-column88_eb3246-fb{position:relative;}@media all and (max-width: 1024px){.kadence-column88_eb3246-fb > .kt-inside-inner-col{flex-direction:column;justify-content:center;}}@media all and (max-width: 767px){.kadence-column88_eb3246-fb > .kt-inside-inner-col{flex-direction:column;justify-content:center;}}<\/style>\n<div class=\"wp-block-kadence-column kadence-column88_eb3246-fb\"><div class=\"kt-inside-inner-col\">\n<figure class=\"wp-block-gallery has-nested-images columns-default is-cropped wp-block-gallery-1 is-layout-flex wp-block-gallery-is-layout-flex\">\n<figure class=\"wp-block-image size-large\"><img loading=\"lazy\" decoding=\"async\" width=\"750\" height=\"489\" data-id=\"198\" src=\"https:\/\/adacparis.fr\/wp-content\/uploads\/2023\/06\/FB_IMG_1687604467015.jpg\" alt=\"\" class=\"wp-image-198\" srcset=\"https:\/\/adacparis.fr\/wp-content\/uploads\/2023\/06\/FB_IMG_1687604467015.jpg 750w, https:\/\/adacparis.fr\/wp-content\/uploads\/2023\/06\/FB_IMG_1687604467015-300x196.jpg 300w\" sizes=\"auto, (max-width: 750px) 100vw, 750px\" \/><\/figure>\n<\/figure>\n<\/div><\/div>\n\n<\/div><\/div>\n\n<style>.wp-block-kadence-spacer.kt-block-spacer-88_cacb54-c5 .kt-block-spacer{height:74px;}.wp-block-kadence-spacer.kt-block-spacer-88_cacb54-c5 .kt-divider{border-top-width:1px;height:1px;border-top-color:var(--global-palette3, #1A202C);width:80%;border-top-style:solid;}<\/style>\n<div class=\"wp-block-kadence-spacer aligncenter kt-block-spacer-88_cacb54-c5\"><div class=\"kt-block-spacer kt-block-spacer-halign-center\"><hr class=\"kt-divider\"\/><\/div><\/div>\n\n\n<style>.kb-row-layout-id88_95c5e3-f4 > .kt-row-column-wrap{align-content:start;}:where(.kb-row-layout-id88_95c5e3-f4 > .kt-row-column-wrap) > .wp-block-kadence-column{justify-content:start;}.kb-row-layout-id88_95c5e3-f4 > .kt-row-column-wrap{column-gap:var(--global-kb-gap-md, 2rem);row-gap:var(--global-kb-gap-md, 2rem);padding-top:var(--global-kb-spacing-sm, 1.5rem);padding-bottom:var(--global-kb-spacing-sm, 1.5rem);grid-template-columns:repeat(2, minmax(0, 1fr));}.kb-row-layout-id88_95c5e3-f4 > .kt-row-layout-overlay{opacity:0.30;}@media all and (max-width: 1024px){.kb-row-layout-id88_95c5e3-f4 > .kt-row-column-wrap{grid-template-columns:repeat(2, minmax(0, 1fr));}}@media all and (max-width: 767px){.kb-row-layout-id88_95c5e3-f4 > .kt-row-column-wrap{grid-template-columns:minmax(0, 1fr);}}<\/style><div class=\"kb-row-layout-wrap kb-row-layout-id88_95c5e3-f4 alignnone wp-block-kadence-rowlayout\"><div class=\"kt-row-column-wrap kt-has-2-columns kt-row-layout-equal kt-tab-layout-inherit kt-mobile-layout-row kt-row-valign-top\">\n<style>.kadence-column88_80a28c-5d > .kt-inside-inner-col{display:flex;}.kadence-column88_80a28c-5d > .kt-inside-inner-col,.kadence-column88_80a28c-5d > .kt-inside-inner-col:before{border-top-left-radius:0px;border-top-right-radius:0px;border-bottom-right-radius:0px;border-bottom-left-radius:0px;}.kadence-column88_80a28c-5d > .kt-inside-inner-col{column-gap:var(--global-kb-gap-sm, 1rem);}.kadence-column88_80a28c-5d > .kt-inside-inner-col{flex-direction:column;justify-content:center;}.kadence-column88_80a28c-5d > .kt-inside-inner-col > .aligncenter{width:100%;}.kt-row-column-wrap > .kadence-column88_80a28c-5d{align-self:center;}.kt-inner-column-height-full:not(.kt-has-1-columns) > .wp-block-kadence-column.kadence-column88_80a28c-5d{align-self:auto;}.kt-inner-column-height-full:not(.kt-has-1-columns) > .wp-block-kadence-column.kadence-column88_80a28c-5d > .kt-inside-inner-col{flex-direction:column;justify-content:center;}.kadence-column88_80a28c-5d > .kt-inside-inner-col:before{opacity:0.3;}.kadence-column88_80a28c-5d{position:relative;}@media all and (max-width: 1024px){.kt-row-column-wrap > .kadence-column88_80a28c-5d{align-self:center;}}@media all and (max-width: 1024px){.kt-inner-column-height-full:not(.kt-has-1-columns) > .wp-block-kadence-column.kadence-column88_80a28c-5d{align-self:auto;}}@media all and (max-width: 1024px){.kt-inner-column-height-full:not(.kt-has-1-columns) > .wp-block-kadence-column.kadence-column88_80a28c-5d > .kt-inside-inner-col{flex-direction:column;justify-content:center;}}@media all and (max-width: 1024px){.kadence-column88_80a28c-5d > .kt-inside-inner-col{flex-direction:column;justify-content:center;}}@media all and (max-width: 767px){.kt-row-column-wrap > .kadence-column88_80a28c-5d{align-self:center;}.kt-inner-column-height-full:not(.kt-has-1-columns) > .wp-block-kadence-column.kadence-column88_80a28c-5d{align-self:auto;}.kt-inner-column-height-full:not(.kt-has-1-columns) > .wp-block-kadence-column.kadence-column88_80a28c-5d > .kt-inside-inner-col{flex-direction:column;justify-content:center;}.kadence-column88_80a28c-5d > .kt-inside-inner-col{flex-direction:column;justify-content:center;}}<\/style>\n<div class=\"wp-block-kadence-column kadence-column88_80a28c-5d\"><div class=\"kt-inside-inner-col\">\n<p class=\"has-text-align-right\"><strong>pour s&#8217;inscrire aux cours de self d\u00e9fense :<\/strong><\/p>\n<\/div><\/div>\n\n\n<style>.kadence-column88_9b54e4-33 > .kt-inside-inner-col,.kadence-column88_9b54e4-33 > .kt-inside-inner-col:before{border-top-left-radius:0px;border-top-right-radius:0px;border-bottom-right-radius:0px;border-bottom-left-radius:0px;}.kadence-column88_9b54e4-33 > .kt-inside-inner-col{column-gap:var(--global-kb-gap-sm, 1rem);}.kadence-column88_9b54e4-33 > .kt-inside-inner-col{flex-direction:column;}.kadence-column88_9b54e4-33 > .kt-inside-inner-col > .aligncenter{width:100%;}.kadence-column88_9b54e4-33 > .kt-inside-inner-col:before{opacity:0.3;}.kadence-column88_9b54e4-33{position:relative;}@media all and (max-width: 1024px){.kadence-column88_9b54e4-33 > .kt-inside-inner-col{flex-direction:column;justify-content:center;}}@media all and (max-width: 767px){.kadence-column88_9b54e4-33 > .kt-inside-inner-col{flex-direction:column;justify-content:center;}}<\/style>\n<div class=\"wp-block-kadence-column kadence-column88_9b54e4-33\"><div class=\"kt-inside-inner-col\">\n<div class=\"wp-block-buttons is-layout-flex wp-container-core-buttons-is-layout-a74382ec wp-block-buttons-is-layout-flex\">\n<div class=\"wp-block-button\"><a class=\"wp-block-button__link wp-element-button\" href=\"https:\/\/www.helloasso.com\/associations\/adac-75\/adhesions\/adhesion-adac-paris-annee-2025-2026-1\">inscription ADAC Paris<\/a><\/div>\n<\/div>\n<\/div><\/div>\n\n<\/div><\/div>\n\n\n<p><\/p>\n","protected":false},"excerpt":{"rendered":"<p>Les cours de self d\u00e9fense mixtes L&#8217;ADAC Paris, situ\u00e9 dans le 15 \u00e8me arrondissement de Paris, propose des cours de self d\u00e9fense le mercredi soir de 20h \u00e0 22h et le samedi matin de 10h30 \u00e0 12h30. Les cours de self d\u00e9fense consistent en la transmission de principes de s\u00e9curit\u00e9, l&#8217;apprentissage de techniques physiques pour&#8230;<\/p>\n","protected":false},"author":1,"featured_media":0,"parent":0,"menu_order":0,"comment_status":"closed","ping_status":"closed","template":"","meta":{"_kad_post_transparent":"","_kad_post_title":"hide","_kad_post_layout":"","_kad_post_sidebar_id":"","_kad_post_content_style":"","_kad_post_vertical_padding":"","_kad_post_feature":"","_kad_post_feature_position":"","_kad_post_header":false,"_kad_post_footer":false,"footnotes":""},"class_list":["post-88","page","type-page","status-publish","hentry"],"_links":{"self":[{"href":"https:\/\/adacparis.fr\/index.php?rest_route=\/wp\/v2\/pages\/88","targetHints":{"allow":["GET"]}}],"collection":[{"href":"https:\/\/adacparis.fr\/index.php?rest_route=\/wp\/v2\/pages"}],"about":[{"href":"https:\/\/adacparis.fr\/index.php?rest_route=\/wp\/v2\/types\/page"}],"author":[{"embeddable":true,"href":"https:\/\/adacparis.fr\/index.php?rest_route=\/wp\/v2\/users\/1"}],"replies":[{"embeddable":true,"href":"https:\/\/adacparis.fr\/index.php?rest_route=%2Fwp%2Fv2%2Fcomments&post=88"}],"version-history":[{"count":15,"href":"https:\/\/adacparis.fr\/index.php?rest_route=\/wp\/v2\/pages\/88\/revisions"}],"predecessor-version":[{"id":374,"href":"https:\/\/adacparis.fr\/index.php?rest_route=\/wp\/v2\/pages\/88\/revisions\/374"}],"wp:attachment":[{"href":"https:\/\/adacparis.fr\/index.php?rest_route=%2Fwp%2Fv2%2Fmedia&parent=88"}],"curies":[{"name":"wp","href":"https:\/\/api.w.org\/{rel}","templated":true}]}}